{"id":1734,"date":"2025-05-11T22:46:32","date_gmt":"2025-05-11T20:46:32","guid":{"rendered":"https:\/\/www.ferenczifemipar.hu\/our-products\/gondozasmentes-aluminium-keritesek\/"},"modified":"2026-02-02T13:53:21","modified_gmt":"2026-02-02T12:53:21","slug":"maintenance-free-aluminium-fences","status":"publish","type":"page","link":"https:\/\/www.ferenczifemipar.hu\/en\/our-products\/maintenance-free-aluminium-fences\/","title":{"rendered":"Maintenance-free Aluminium Fences"},"content":{"rendered":"<div class=\"wpb-content-wrapper\"><p>[vc_row gap=&#8221;15&#8243; woodmart_css_id=&#8221;6819ad3c79d0f&#8221; responsive_spacing=&#8221;eyJwYXJhbV90eXBlIjoid29vZG1hcnRfcmVzcG9uc2l2ZV9zcGFjaW5nIiwic2VsZWN0b3JfaWQiOiI2ODE5YWQzYzc5ZDBmIiwic2hvcnRjb2RlIjoidmNfcm93IiwiZGF0YSI6eyJ0YWJsZXQiOnt9LCJtb2JpbGUiOnt9fX0=&#8221; mobile_bg_img_hidden=&#8221;no&#8221; tablet_bg_img_hidden=&#8221;no&#8221; woodmart_parallax=&#8221;0&#8243; woodmart_gradient_switch=&#8221;no&#8221; woodmart_box_shadow=&#8221;no&#8221; wd_z_index=&#8221;no&#8221; woodmart_disable_overflow=&#8221;0&#8243; row_reverse_mobile=&#8221;0&#8243; row_reverse_tablet=&#8221;0&#8243;][vc_column]\t\t<div id=\"wd-69809e18d4d13\" class=\"wd-text-block wd-wpb reset-last-child wd-rs-69809e18d4d13 text-left  lead\">\n\t\t\t<h2><a href=\"https:\/\/ferenczi-alukerites-hu\">Aluminium fences, pergolas<\/a> provide a modern, durable, and aesthetically pleasing solution. Our product range includes slatted, louvered, and laser-cut fences, pergolas. The fences and pergolas are powder-coated, ensuring long-lasting visual appeal and structural quality.<\/h2>\n\t\t<\/div>\n\t\t[\/vc_column][\/vc_row][vc_row equal_height=&#8221;yes&#8221; woodmart_stretch_content=&#8221;section-stretch&#8221; woodmart_css_id=&#8221;685d44f9b5ba7&#8243; responsive_spacing=&#8221;eyJwYXJhbV90eXBlIjoid29vZG1hcnRfcmVzcG9uc2l2ZV9zcGFjaW5nIiwic2VsZWN0b3JfaWQiOiI2ODVkNDRmOWI1YmE3Iiwic2hvcnRjb2RlIjoidmNfcm93IiwiZGF0YSI6eyJ0YWJsZXQiOnt9LCJtb2JpbGUiOnt9fX0=&#8221; mobile_bg_img_hidden=&#8221;no&#8221; tablet_bg_img_hidden=&#8221;no&#8221; woodmart_parallax=&#8221;0&#8243; woodmart_gradient_switch=&#8221;no&#8221; row_reverse_mobile=&#8221;1&#8243; row_reverse_tablet=&#8221;0&#8243; woodmart_disable_overflow=&#8221;0&#8243; css=&#8221;.vc_custom_1750942972550{margin-top: 30px !important;margin-bottom: 30px !important;background-color: #FFFFFF !important;}&#8221; woodmart_box_shadow=&#8221;no&#8221; wd_z_index=&#8221;no&#8221; el_class=&#8221;greybg&#8221;][vc_column width=&#8221;1\/2&#8243; woodmart_sticky_column_offset=&#8221;150&#8243; css=&#8221;.vc_custom_1746996925585{padding-top: 70px !important;padding-right: 10% !important;padding-bottom: 30px !important;padding-left: 10% !important;}&#8221; woodmart_css_id=&#8221;68210eb904b0a&#8221; responsive_spacing=&#8221;eyJwYXJhbV90eXBlIjoid29vZG1hcnRfcmVzcG9uc2l2ZV9zcGFjaW5nIiwic2VsZWN0b3JfaWQiOiI2ODIxMGViOTA0YjBhIiwic2hvcnRjb2RlIjoidmNfY29sdW1uIiwiZGF0YSI6eyJ0YWJsZXQiOnt9LCJtb2JpbGUiOnsicGFkZGluZy10b3AiOiI0MHB4IiwicGFkZGluZy1ib3R0b20iOiIxNXB4In19fQ==&#8221; parallax_scroll=&#8221;no&#8221; mobile_bg_img_hidden=&#8221;no&#8221; tablet_bg_img_hidden=&#8221;no&#8221; woodmart_parallax=&#8221;0&#8243; woodmart_sticky_column=&#8221;true&#8221; mobile_reset_margin=&#8221;no&#8221; tablet_reset_margin=&#8221;no&#8221; wd_collapsible_content_switcher=&#8221;no&#8221; wd_column_role_offcanvas_desktop=&#8221;no&#8221; wd_column_role_offcanvas_tablet=&#8221;no&#8221; wd_column_role_offcanvas_mobile=&#8221;no&#8221; wd_column_role_content_desktop=&#8221;no&#8221; wd_column_role_content_tablet=&#8221;no&#8221; wd_column_role_content_mobile=&#8221;no&#8221; woodmart_box_shadow=&#8221;no&#8221; wd_z_index=&#8221;no&#8221;]\t\t\t<div class=\"info-box-wrapper\">\n\t\t\t\t<div id=\"wd-690cb9923e4dd\" class=\" wd-rs-690cb9923e4dd wd-info-box wd-wpb text-left box-icon-align-left box-style- color-scheme- wd-bg-none wd-items-top \">\n\t\t\t\t\t\t\t\t\t\t\t<div class=\"box-icon-wrapper  box-with-icon box-icon-simple\">\n\t\t\t\t\t\t\t<div class=\"info-box-icon\">\n\n\t\t\t\t\t\t\t\n\t\t\t\t\t\t\t\t\t\t\t\t\t\t\t\t\t<div class=\"info-svg-wrapper\" style=\"width: 35px;height: 30px;\"><img decoding=\"async\"  src=\"https:\/\/www.ferenczifemipar.hu\/wp-content\/uploads\/2025\/05\/ff-tick.svg\" title=\"ff-tick\" loading=\"lazy\" width=\"35\" height=\"30\"><\/div>\t\t\t\t\t\t\t\t\t\t\t\t\t\t\t\n\t\t\t\t\t\t\t<\/div>\n\t\t\t\t\t\t<\/div>\n\t\t\t\t\t\t\t\t\t\t<div class=\"info-box-content\">\n\t\t\t\t\t\t<h4 class=\"info-box-title title box-title-style-default wd-fontsize-m\">Assessment<\/h4>\t\t\t\t\t\t<div class=\"info-box-inner reset-last-child\"><p>Our colleague will check the site to determine the parameters for your new fence.<\/p>\n<\/div>\n\n\t\t\t\t\t\t\t\t\t\t\t<\/div>\n\n\t\t\t\t\t\n\t\t\t\t\t\t\t\t\t<\/div>\n\t\t\t<\/div>\n\t\t\t\t\t<div class=\"info-box-wrapper\">\n\t\t\t\t<div id=\"wd-690cb9a202a6a\" class=\" wd-rs-690cb9a202a6a wd-info-box wd-wpb text-left box-icon-align-left box-style- color-scheme- wd-bg-none wd-items-top \">\n\t\t\t\t\t\t\t\t\t\t\t<div class=\"box-icon-wrapper  box-with-icon box-icon-simple\">\n\t\t\t\t\t\t\t<div class=\"info-box-icon\">\n\n\t\t\t\t\t\t\t\n\t\t\t\t\t\t\t\t\t\t\t\t\t\t\t\t\t<div class=\"info-svg-wrapper\" style=\"width: 35px;height: 30px;\"><img decoding=\"async\"  src=\"https:\/\/www.ferenczifemipar.hu\/wp-content\/uploads\/2025\/05\/ff-tick.svg\" title=\"ff-tick\" loading=\"lazy\" width=\"35\" height=\"30\"><\/div>\t\t\t\t\t\t\t\t\t\t\t\t\t\t\t\n\t\t\t\t\t\t\t<\/div>\n\t\t\t\t\t\t<\/div>\n\t\t\t\t\t\t\t\t\t\t<div class=\"info-box-content\">\n\t\t\t\t\t\t<h4 class=\"info-box-title title box-title-style-default wd-fontsize-m\">Design<\/h4>\t\t\t\t\t\t<div class=\"info-box-inner reset-last-child\"><p>If requested, we create a visual design, and production begins once it is approved.<\/p>\n<\/div>\n\n\t\t\t\t\t\t\t\t\t\t\t<\/div>\n\n\t\t\t\t\t\n\t\t\t\t\t\t\t\t\t<\/div>\n\t\t\t<\/div>\n\t\t\t\t\t<div class=\"info-box-wrapper\">\n\t\t\t\t<div id=\"wd-690cb9ad97b4a\" class=\" wd-rs-690cb9ad97b4a wd-info-box wd-wpb text-left box-icon-align-left box-style- color-scheme- wd-bg-none wd-items-top \">\n\t\t\t\t\t\t\t\t\t\t\t<div class=\"box-icon-wrapper  box-with-icon box-icon-simple\">\n\t\t\t\t\t\t\t<div class=\"info-box-icon\">\n\n\t\t\t\t\t\t\t\n\t\t\t\t\t\t\t\t\t\t\t\t\t\t\t\t\t<div class=\"info-svg-wrapper\" style=\"width: 35px;height: 30px;\"><img decoding=\"async\"  src=\"https:\/\/www.ferenczifemipar.hu\/wp-content\/uploads\/2025\/05\/ff-tick.svg\" title=\"ff-tick\" loading=\"lazy\" width=\"35\" height=\"30\"><\/div>\t\t\t\t\t\t\t\t\t\t\t\t\t\t\t\n\t\t\t\t\t\t\t<\/div>\n\t\t\t\t\t\t<\/div>\n\t\t\t\t\t\t\t\t\t\t<div class=\"info-box-content\">\n\t\t\t\t\t\t<h4 class=\"info-box-title title box-title-style-default wd-fontsize-m\">Manufacturing<\/h4>\t\t\t\t\t\t<div class=\"info-box-inner reset-last-child\"><p>We manufacture the ordered fence, apply surface treatment (powder coating), and prepare it for installation.<\/p>\n<\/div>\n\n\t\t\t\t\t\t\t\t\t\t\t<\/div>\n\n\t\t\t\t\t\n\t\t\t\t\t\t\t\t\t<\/div>\n\t\t\t<\/div>\n\t\t\t\t\t<div class=\"info-box-wrapper\">\n\t\t\t\t<div id=\"wd-690cb9b88f2ad\" class=\" wd-rs-690cb9b88f2ad wd-info-box wd-wpb text-left box-icon-align-left box-style- color-scheme- wd-bg-none wd-items-top \">\n\t\t\t\t\t\t\t\t\t\t\t<div class=\"box-icon-wrapper  box-with-icon box-icon-simple\">\n\t\t\t\t\t\t\t<div class=\"info-box-icon\">\n\n\t\t\t\t\t\t\t\n\t\t\t\t\t\t\t\t\t\t\t\t\t\t\t\t\t<div class=\"info-svg-wrapper\" style=\"width: 35px;height: 30px;\"><img decoding=\"async\"  src=\"https:\/\/www.ferenczifemipar.hu\/wp-content\/uploads\/2025\/05\/ff-tick.svg\" title=\"ff-tick\" loading=\"lazy\" width=\"35\" height=\"30\"><\/div>\t\t\t\t\t\t\t\t\t\t\t\t\t\t\t\n\t\t\t\t\t\t\t<\/div>\n\t\t\t\t\t\t<\/div>\n\t\t\t\t\t\t\t\t\t\t<div class=\"info-box-content\">\n\t\t\t\t\t\t<h4 class=\"info-box-title title box-title-style-default wd-fontsize-m\">Installation<\/h4>\t\t\t\t\t\t<div class=\"info-box-inner reset-last-child\"><p>At the agreed time, our team delivers and installs your fence on-site.<\/p>\n<\/div>\n\n\t\t\t\t\t\t\t\t\t\t\t<\/div>\n\n\t\t\t\t\t\n\t\t\t\t\t\t\t\t\t<\/div>\n\t\t\t<\/div>\n\t\t<div id=\"wd-690cb9c529dcc\" class=\" wd-rs-690cb9c529dcc vc_custom_1762441683889 wd-button-wrapper text-left\"><a href=\"https:\/\/www.ferenczi-alukerites.hu\/\" title=\"\" target=\"_blank\" class=\"btn btn-style-default btn-shape-rectangle btn-size-extra-large ff-link btn-icon-pos-right\" rel=\"noopener\">Visit ferenczi-alukerites.hu<span class=\"wd-btn-icon\"><span class=\"wd-icon entypo-icon entypo-icon-right-open-big\"><\/span><\/span><\/a><\/div>[\/vc_column][vc_column parallax=&#8221;content-moving&#8221; width=&#8221;1\/2&#8243; woodmart_bg_position=&#8221;center-center&#8221; css=&#8221;.vc_custom_1746996618007{background-position: center !important;background-repeat: no-repeat !important;background-size: cover !important;}&#8221; woodmart_css_id=&#8221;68210d85aab28&#8243; responsive_spacing=&#8221;eyJwYXJhbV90eXBlIjoid29vZG1hcnRfcmVzcG9uc2l2ZV9zcGFjaW5nIiwic2VsZWN0b3JfaWQiOiI2ODIxMGQ4NWFhYjI4Iiwic2hvcnRjb2RlIjoidmNfY29sdW1uIiwiZGF0YSI6eyJ0YWJsZXQiOnt9LCJtb2JpbGUiOnt9fX0=&#8221; parallax_scroll=&#8221;no&#8221; mobile_bg_img_hidden=&#8221;no&#8221; tablet_bg_img_hidden=&#8221;no&#8221; woodmart_parallax=&#8221;0&#8243; woodmart_sticky_column=&#8221;false&#8221; mobile_reset_margin=&#8221;no&#8221; tablet_reset_margin=&#8221;no&#8221; wd_collapsible_content_switcher=&#8221;no&#8221; wd_column_role_offcanvas_desktop=&#8221;no&#8221; wd_column_role_offcanvas_tablet=&#8221;no&#8221; wd_column_role_offcanvas_mobile=&#8221;no&#8221; wd_column_role_content_desktop=&#8221;no&#8221; wd_column_role_content_tablet=&#8221;no&#8221; wd_column_role_content_mobile=&#8221;no&#8221; woodmart_box_shadow=&#8221;no&#8221; wd_z_index=&#8221;no&#8221;]\t\t<div id=\"gallery_836\" class=\"wd-images-gallery wd-wpb wd-rs-69809e3630bd3 photoswipe-images\" style=\"--wd-justify-content:center;--wd-align-items:center;\">\n\t\t\t\n\t\t\t<div class=\" wd-grid-g\" style=\"--wd-col-lg:1;--wd-col-md:1;--wd-col-sm:1;--wd-gap-lg:20px;--wd-gap-sm:10px;\">\n\t\t\t\t\n\t\t\t\t\t\t\t\t\t\t\t\t\t\t\t<div class=\"wd-gallery-item wd-col\">\n\t\t\t\t\t\t\t\t\t\t\t\t\t\t<a href=\"https:\/\/www.ferenczifemipar.hu\/wp-content\/uploads\/2025\/05\/aluminium-kerites-gyor-ferenczi-femipar.jpg\" data-elementor-open-lightbox=\"no\" data-index=\"1\" data-width=\"1920\" data-height=\"1289\">\n\t\t\t\t\t\t\t\t\n\t\t\t\t\t\t\t\t<img loading=\"lazy\" decoding=\"async\" width=\"1920\" height=\"1289\" src=\"https:\/\/www.ferenczifemipar.hu\/wp-content\/uploads\/2025\/05\/aluminium-kerites-gyor-ferenczi-femipar.jpg\" class=\"wd-gallery-image image-1\" alt=\"Gondoz\u00e1smentes alum\u00ednium ker\u00edt\u00e9s Gy\u0151r - Feren czi F\u00e9mipari Kft.\" srcset=\"https:\/\/www.ferenczifemipar.hu\/wp-content\/uploads\/2025\/05\/aluminium-kerites-gyor-ferenczi-femipar.jpg 1920w, https:\/\/www.ferenczifemipar.hu\/wp-content\/uploads\/2025\/05\/aluminium-kerites-gyor-ferenczi-femipar-500x336.jpg 500w, https:\/\/www.ferenczifemipar.hu\/wp-content\/uploads\/2025\/05\/aluminium-kerites-gyor-ferenczi-femipar-150x101.jpg 150w, https:\/\/www.ferenczifemipar.hu\/wp-content\/uploads\/2025\/05\/aluminium-kerites-gyor-ferenczi-femipar-600x403.jpg 600w, https:\/\/www.ferenczifemipar.hu\/wp-content\/uploads\/2025\/05\/aluminium-kerites-gyor-ferenczi-femipar-300x201.jpg 300w, https:\/\/www.ferenczifemipar.hu\/wp-content\/uploads\/2025\/05\/aluminium-kerites-gyor-ferenczi-femipar-1024x687.jpg 1024w, https:\/\/www.ferenczifemipar.hu\/wp-content\/uploads\/2025\/05\/aluminium-kerites-gyor-ferenczi-femipar-768x516.jpg 768w, https:\/\/www.ferenczifemipar.hu\/wp-content\/uploads\/2025\/05\/aluminium-kerites-gyor-ferenczi-femipar-1536x1031.jpg 1536w\" sizes=\"auto, (max-width: 1920px) 100vw, 1920px\" \/>\n\t\t\t\t\t\t\t\t\t\t\t\t\t\t\t<\/a>\n\t\t\t\t\t\t\t\t\t\t\t\t<\/div>\n\t\t\t\t\t\t\t\t\t\t\t<div class=\"wd-gallery-item wd-col\">\n\t\t\t\t\t\t\t\t\t\t\t\t\t\t<a href=\"https:\/\/www.ferenczifemipar.hu\/wp-content\/uploads\/2025\/05\/aluminium-kerites-gyor-ferenczi-femipar2.jpg\" data-elementor-open-lightbox=\"no\" data-index=\"2\" data-width=\"1920\" data-height=\"818\">\n\t\t\t\t\t\t\t\t\n\t\t\t\t\t\t\t\t<img loading=\"lazy\" decoding=\"async\" width=\"1920\" height=\"818\" src=\"https:\/\/www.ferenczifemipar.hu\/wp-content\/uploads\/2025\/05\/aluminium-kerites-gyor-ferenczi-femipar2.jpg\" class=\"wd-gallery-image image-2\" alt=\"Gondoz\u00e1smentes alum\u00ednium ker\u00edt\u00e9s Gy\u0151r - Feren czi F\u00e9mipari Kft.\" srcset=\"https:\/\/www.ferenczifemipar.hu\/wp-content\/uploads\/2025\/05\/aluminium-kerites-gyor-ferenczi-femipar2.jpg 1920w, https:\/\/www.ferenczifemipar.hu\/wp-content\/uploads\/2025\/05\/aluminium-kerites-gyor-ferenczi-femipar2-500x213.jpg 500w, https:\/\/www.ferenczifemipar.hu\/wp-content\/uploads\/2025\/05\/aluminium-kerites-gyor-ferenczi-femipar2-150x64.jpg 150w, https:\/\/www.ferenczifemipar.hu\/wp-content\/uploads\/2025\/05\/aluminium-kerites-gyor-ferenczi-femipar2-600x256.jpg 600w, https:\/\/www.ferenczifemipar.hu\/wp-content\/uploads\/2025\/05\/aluminium-kerites-gyor-ferenczi-femipar2-300x128.jpg 300w, https:\/\/www.ferenczifemipar.hu\/wp-content\/uploads\/2025\/05\/aluminium-kerites-gyor-ferenczi-femipar2-1024x436.jpg 1024w, https:\/\/www.ferenczifemipar.hu\/wp-content\/uploads\/2025\/05\/aluminium-kerites-gyor-ferenczi-femipar2-768x327.jpg 768w, https:\/\/www.ferenczifemipar.hu\/wp-content\/uploads\/2025\/05\/aluminium-kerites-gyor-ferenczi-femipar2-1536x654.jpg 1536w\" sizes=\"auto, (max-width: 1920px) 100vw, 1920px\" \/>\n\t\t\t\t\t\t\t\t\t\t\t\t\t\t\t<\/a>\n\t\t\t\t\t\t\t\t\t\t\t\t<\/div>\n\t\t\t\t\t\t\t\t\t\t\t<div class=\"wd-gallery-item wd-col\">\n\t\t\t\t\t\t\t\t\t\t\t\t\t\t<a href=\"https:\/\/www.ferenczifemipar.hu\/wp-content\/uploads\/2025\/05\/aluminium-kerites-gyor-ferenczi-femipar3.jpg\" data-elementor-open-lightbox=\"no\" data-index=\"3\" data-width=\"1920\" data-height=\"1080\">\n\t\t\t\t\t\t\t\t\n\t\t\t\t\t\t\t\t<img loading=\"lazy\" decoding=\"async\" width=\"1920\" height=\"1080\" src=\"https:\/\/www.ferenczifemipar.hu\/wp-content\/uploads\/2025\/05\/aluminium-kerites-gyor-ferenczi-femipar3.jpg\" class=\"wd-gallery-image image-3\" alt=\"Gondoz\u00e1smentes alum\u00ednium ker\u00edt\u00e9s Gy\u0151r - Feren czi F\u00e9mipari Kft.\" srcset=\"https:\/\/www.ferenczifemipar.hu\/wp-content\/uploads\/2025\/05\/aluminium-kerites-gyor-ferenczi-femipar3.jpg 1920w, https:\/\/www.ferenczifemipar.hu\/wp-content\/uploads\/2025\/05\/aluminium-kerites-gyor-ferenczi-femipar3-500x281.jpg 500w, https:\/\/www.ferenczifemipar.hu\/wp-content\/uploads\/2025\/05\/aluminium-kerites-gyor-ferenczi-femipar3-150x84.jpg 150w, https:\/\/www.ferenczifemipar.hu\/wp-content\/uploads\/2025\/05\/aluminium-kerites-gyor-ferenczi-femipar3-600x338.jpg 600w, https:\/\/www.ferenczifemipar.hu\/wp-content\/uploads\/2025\/05\/aluminium-kerites-gyor-ferenczi-femipar3-300x169.jpg 300w, https:\/\/www.ferenczifemipar.hu\/wp-content\/uploads\/2025\/05\/aluminium-kerites-gyor-ferenczi-femipar3-1024x576.jpg 1024w, https:\/\/www.ferenczifemipar.hu\/wp-content\/uploads\/2025\/05\/aluminium-kerites-gyor-ferenczi-femipar3-768x432.jpg 768w, https:\/\/www.ferenczifemipar.hu\/wp-content\/uploads\/2025\/05\/aluminium-kerites-gyor-ferenczi-femipar3-1536x864.jpg 1536w\" sizes=\"auto, (max-width: 1920px) 100vw, 1920px\" \/>\n\t\t\t\t\t\t\t\t\t\t\t\t\t\t\t<\/a>\n\t\t\t\t\t\t\t\t\t\t\t\t<\/div>\n\t\t\t\t\t\t\t\t\t\t\t<div class=\"wd-gallery-item wd-col\">\n\t\t\t\t\t\t\t\t\t\t\t\t\t\t<a href=\"https:\/\/www.ferenczifemipar.hu\/wp-content\/uploads\/2025\/05\/aluminium-kerites-gyor-ferenczi-femipar4.jpg\" data-elementor-open-lightbox=\"no\" data-index=\"4\" data-width=\"1920\" data-height=\"1080\">\n\t\t\t\t\t\t\t\t\n\t\t\t\t\t\t\t\t<img loading=\"lazy\" decoding=\"async\" width=\"1920\" height=\"1080\" src=\"https:\/\/www.ferenczifemipar.hu\/wp-content\/uploads\/2025\/05\/aluminium-kerites-gyor-ferenczi-femipar4.jpg\" class=\"wd-gallery-image image-4\" alt=\"Gondoz\u00e1smentes alum\u00ednium ker\u00edt\u00e9s Gy\u0151r - Feren czi F\u00e9mipari Kft.\" srcset=\"https:\/\/www.ferenczifemipar.hu\/wp-content\/uploads\/2025\/05\/aluminium-kerites-gyor-ferenczi-femipar4.jpg 1920w, https:\/\/www.ferenczifemipar.hu\/wp-content\/uploads\/2025\/05\/aluminium-kerites-gyor-ferenczi-femipar4-500x281.jpg 500w, https:\/\/www.ferenczifemipar.hu\/wp-content\/uploads\/2025\/05\/aluminium-kerites-gyor-ferenczi-femipar4-150x84.jpg 150w, https:\/\/www.ferenczifemipar.hu\/wp-content\/uploads\/2025\/05\/aluminium-kerites-gyor-ferenczi-femipar4-600x338.jpg 600w, https:\/\/www.ferenczifemipar.hu\/wp-content\/uploads\/2025\/05\/aluminium-kerites-gyor-ferenczi-femipar4-300x169.jpg 300w, https:\/\/www.ferenczifemipar.hu\/wp-content\/uploads\/2025\/05\/aluminium-kerites-gyor-ferenczi-femipar4-1024x576.jpg 1024w, https:\/\/www.ferenczifemipar.hu\/wp-content\/uploads\/2025\/05\/aluminium-kerites-gyor-ferenczi-femipar4-768x432.jpg 768w, https:\/\/www.ferenczifemipar.hu\/wp-content\/uploads\/2025\/05\/aluminium-kerites-gyor-ferenczi-femipar4-1536x864.jpg 1536w\" sizes=\"auto, (max-width: 1920px) 100vw, 1920px\" \/>\n\t\t\t\t\t\t\t\t\t\t\t\t\t\t\t<\/a>\n\t\t\t\t\t\t\t\t\t\t\t\t<\/div>\n\t\t\t\t\t\t\t\t\t\t\t<div class=\"wd-gallery-item wd-col\">\n\t\t\t\t\t\t\t\t\t\t\t\t\t\t<a href=\"https:\/\/www.ferenczifemipar.hu\/wp-content\/uploads\/2026\/01\/ferenczi-aluminium-pergola.jpg\" data-elementor-open-lightbox=\"no\" data-index=\"5\" data-width=\"1536\" data-height=\"1024\">\n\t\t\t\t\t\t\t\t\n\t\t\t\t\t\t\t\t<img loading=\"lazy\" decoding=\"async\" width=\"1536\" height=\"1024\" src=\"https:\/\/www.ferenczifemipar.hu\/wp-content\/uploads\/2026\/01\/ferenczi-aluminium-pergola.jpg\" class=\"wd-gallery-image image-5\" alt=\"\" srcset=\"https:\/\/www.ferenczifemipar.hu\/wp-content\/uploads\/2026\/01\/ferenczi-aluminium-pergola.jpg 1536w, https:\/\/www.ferenczifemipar.hu\/wp-content\/uploads\/2026\/01\/ferenczi-aluminium-pergola-300x200.jpg 300w, https:\/\/www.ferenczifemipar.hu\/wp-content\/uploads\/2026\/01\/ferenczi-aluminium-pergola-1024x683.jpg 1024w, https:\/\/www.ferenczifemipar.hu\/wp-content\/uploads\/2026\/01\/ferenczi-aluminium-pergola-768x512.jpg 768w, https:\/\/www.ferenczifemipar.hu\/wp-content\/uploads\/2026\/01\/ferenczi-aluminium-pergola-500x333.jpg 500w, https:\/\/www.ferenczifemipar.hu\/wp-content\/uploads\/2026\/01\/ferenczi-aluminium-pergola-600x400.jpg 600w, https:\/\/www.ferenczifemipar.hu\/wp-content\/uploads\/2026\/01\/ferenczi-aluminium-pergola-150x100.jpg 150w\" sizes=\"auto, (max-width: 1536px) 100vw, 1536px\" \/>\n\t\t\t\t\t\t\t\t\t\t\t\t\t\t\t<\/a>\n\t\t\t\t\t\t\t\t\t\t\t\t<\/div>\n\t\t\t\t\t\t\t\t\t\n\t\t\t\t\t\t\t<\/div>\n\n\t\t\t\t\t<\/div>\n\t\t[\/vc_column][\/vc_row][vc_row gap=&#8221;15&#8243; woodmart_css_id=&#8221;6819ad3c79d0f&#8221; responsive_spacing=&#8221;eyJwYXJhbV90eXBlIjoid29vZG1hcnRfcmVzcG9uc2l2ZV9zcGFjaW5nIiwic2VsZWN0b3JfaWQiOiI2ODE5YWQzYzc5ZDBmIiwic2hvcnRjb2RlIjoidmNfcm93IiwiZGF0YSI6eyJ0YWJsZXQiOnt9LCJtb2JpbGUiOnt9fX0=&#8221; mobile_bg_img_hidden=&#8221;no&#8221; tablet_bg_img_hidden=&#8221;no&#8221; woodmart_parallax=&#8221;0&#8243; woodmart_gradient_switch=&#8221;no&#8221; woodmart_box_shadow=&#8221;no&#8221; wd_z_index=&#8221;no&#8221; woodmart_disable_overflow=&#8221;0&#8243; row_reverse_mobile=&#8221;0&#8243; row_reverse_tablet=&#8221;0&#8243;][vc_column][\/vc_column][\/vc_row]<\/p>\n<\/div>","protected":false},"excerpt":{"rendered":"<p>[vc_row gap=&#8221;15&#8243; woodmart_css_id=&#8221;6819ad3c79d0f&#8221; responsive_spacing=&#8221;eyJwYXJhbV90eXBlIjoid29vZG1hcnRfcmVzcG9uc2l2ZV9zcGFjaW5nIiwic2VsZWN0b3JfaWQiOiI2ODE5YWQzYzc5ZDBmIiwic2hvcnRjb2RlIjoidmNfcm93IiwiZGF0YSI6eyJ0YWJsZXQiOnt9LCJtb2JpbGUiOnt9fX0=&#8221; mobile_bg_img_hidden=&#8221;no&#8221; tablet_bg_img_hidden=&#8221;no&#8221; woodmart_parallax=&#8221;0&#8243; woodmart_gradient_switch=&#8221;no&#8221; woodmart_box_shadow=&#8221;no&#8221; wd_z_index=&#8221;no&#8221; woodmart_disable_overflow=&#8221;0&#8243; row_reverse_mobile=&#8221;0&#8243; row_reverse_tablet=&#8221;0&#8243;][vc_column][\/vc_column][\/vc_row][vc_row equal_height=&#8221;yes&#8221; woodmart_stretch_content=&#8221;section-stretch&#8221; woodmart_css_id=&#8221;685d44f9b5ba7&#8243; responsive_spacing=&#8221;eyJwYXJhbV90eXBlIjoid29vZG1hcnRfcmVzcG9uc2l2ZV9zcGFjaW5nIiwic2VsZWN0b3JfaWQiOiI2ODVkNDRmOWI1YmE3Iiwic2hvcnRjb2RlIjoidmNfcm93IiwiZGF0YSI6eyJ0YWJsZXQiOnt9LCJtb2JpbGUiOnt9fX0=&#8221; mobile_bg_img_hidden=&#8221;no&#8221; tablet_bg_img_hidden=&#8221;no&#8221; woodmart_parallax=&#8221;0&#8243;<\/p>\n","protected":false},"author":1,"featured_media":0,"parent":1724,"menu_order":0,"comment_status":"closed","ping_status":"closed","template":"","meta":{"footnotes":""},"class_list":["post-1734","page","type-page","status-publish","hentry"],"_links":{"self":[{"href":"https:\/\/www.ferenczifemipar.hu\/en\/wp-json\/wp\/v2\/pages\/1734","targetHints":{"allow":["GET"]}}],"collection":[{"href":"https:\/\/www.ferenczifemipar.hu\/en\/wp-json\/wp\/v2\/pages"}],"about":[{"href":"https:\/\/www.ferenczifemipar.hu\/en\/wp-json\/wp\/v2\/types\/page"}],"author":[{"embeddable":true,"href":"https:\/\/www.ferenczifemipar.hu\/en\/wp-json\/wp\/v2\/users\/1"}],"replies":[{"embeddable":true,"href":"https:\/\/www.ferenczifemipar.hu\/en\/wp-json\/wp\/v2\/comments?post=1734"}],"version-history":[{"count":7,"href":"https:\/\/www.ferenczifemipar.hu\/en\/wp-json\/wp\/v2\/pages\/1734\/revisions"}],"predecessor-version":[{"id":2160,"href":"https:\/\/www.ferenczifemipar.hu\/en\/wp-json\/wp\/v2\/pages\/1734\/revisions\/2160"}],"up":[{"embeddable":true,"href":"https:\/\/www.ferenczifemipar.hu\/en\/wp-json\/wp\/v2\/pages\/1724"}],"wp:attachment":[{"href":"https:\/\/www.ferenczifemipar.hu\/en\/wp-json\/wp\/v2\/media?parent=1734"}],"curies":[{"name":"wp","href":"https:\/\/api.w.org\/{rel}","templated":true}]}}