{"id":1845,"date":"2025-03-27T10:13:00","date_gmt":"2025-03-27T09:13:00","guid":{"rendered":"https:\/\/www.ferenczifemipar.hu\/tevekenysegeink\/"},"modified":"2026-03-24T08:48:39","modified_gmt":"2026-03-24T07:48:39","slug":"our-activities","status":"publish","type":"page","link":"https:\/\/www.ferenczifemipar.hu\/en\/our-activities\/","title":{"rendered":"Our activities"},"content":{"rendered":"<div class=\"wpb-content-wrapper\"><p>[vc_row content_placement=&#8221;middle&#8221; css=&#8221;.vc_custom_1743685379353{margin-top: 50px !important;margin-bottom: 100px !important;}&#8221; woodmart_css_id=&#8221;67ee86f8b39e7&#8243; responsive_spacing=&#8221;eyJwYXJhbV90eXBlIjoid29vZG1hcnRfcmVzcG9uc2l2ZV9zcGFjaW5nIiwic2VsZWN0b3JfaWQiOiI2N2VlODZmOGIzOWU3Iiwic2hvcnRjb2RlIjoidmNfcm93IiwiZGF0YSI6eyJ0YWJsZXQiOnsibWFyZ2luLXRvcCI6Ii0yMHB4In0sIm1vYmlsZSI6e319fQ==&#8221; mobile_bg_img_hidden=&#8221;no&#8221; tablet_bg_img_hidden=&#8221;no&#8221; woodmart_parallax=&#8221;0&#8243; woodmart_gradient_switch=&#8221;no&#8221; woodmart_box_shadow=&#8221;no&#8221; wd_z_index=&#8221;no&#8221; woodmart_disable_overflow=&#8221;0&#8243; row_reverse_mobile=&#8221;0&#8243; row_reverse_tablet=&#8221;0&#8243;][vc_column offset=&#8221;vc_col-lg-6&#8243; woodmart_css_id=&#8221;67ee8966456fe&#8221; parallax_scroll=&#8221;no&#8221; woodmart_sticky_column=&#8221;false&#8221; wd_collapsible_content_switcher=&#8221;no&#8221; wd_column_role_offcanvas_desktop=&#8221;no&#8221; wd_column_role_offcanvas_tablet=&#8221;no&#8221; wd_column_role_offcanvas_mobile=&#8221;no&#8221; wd_column_role_content_desktop=&#8221;no&#8221; wd_column_role_content_tablet=&#8221;no&#8221; wd_column_role_content_mobile=&#8221;no&#8221; mobile_bg_img_hidden=&#8221;no&#8221; tablet_bg_img_hidden=&#8221;no&#8221; woodmart_parallax=&#8221;0&#8243; woodmart_box_shadow=&#8221;no&#8221; responsive_spacing=&#8221;eyJwYXJhbV90eXBlIjoid29vZG1hcnRfcmVzcG9uc2l2ZV9zcGFjaW5nIiwic2VsZWN0b3JfaWQiOiI2N2VlODk2NjQ1NmZlIiwic2hvcnRjb2RlIjoidmNfY29sdW1uIiwiZGF0YSI6eyJ0YWJsZXQiOnt9LCJtb2JpbGUiOnt9fX0=&#8221; mobile_reset_margin=&#8221;no&#8221; tablet_reset_margin=&#8221;no&#8221; wd_z_index=&#8221;no&#8221; css=&#8221;.vc_custom_1743685992524{margin-top: 0px !important;padding-top: 0px !important;}&#8221;]\n\t\t<div id=\"wd-69c241d12e86e\" class=\"title-wrapper wd-wpb wd-set-mb reset-last-child  wd-rs-69c241d12e86e wd-title-color-default wd-title-style-default text-left  wd-underline-colored\">\n\t\t\t\n\t\t\t<div class=\"liner-continer\">\n\t\t\t\t<h2 class=\"woodmart-title-container title  wd-font-weight-800 wd-fontsize-xxl\" >Metal industry services and welding processes<\/h2>\n\t\t\t\t\t\t\t<\/div>\n\t\t\t\n\t\t\t\n\t\t\t\n\t\t<\/div>\n\t\t\n\t\t\t\t<div id=\"wd-690dfab32eff5\" class=\"wd-text-block wd-wpb reset-last-child wd-rs-690dfab32eff5 text-left \">\n\t\t\t<p><span style=\"font-weight: 400;\">Thanks to our experienced professionals and our constantly renewing and expanding machine park, we can we can responsibly undertake the machining and processing of almost any metal material into finished products that can be handled in a classic metalworking shop to serve our customers in a wide range of industries, including metalworking-, machine manufacturing-, automotive-, oil and gas-, construction-, plastics- etc.<\/span><\/p>\n\t\t<\/div>\n\t\t<div id=\"wd-690dfad2ca768\" class=\" wd-rs-690dfad2ca768  wd-button-wrapper text-left\"><a href=\"https:\/\/www.ferenczifemipar.hu\/en\/our-activities\/metal-industry-services\/\" title=\"\" class=\"btn btn-style-default btn-shape-rectangle btn-size-extra-large ff-link btn-icon-pos-right\">Read more<span class=\"wd-btn-icon\"><span class=\"wd-icon entypo-icon entypo-icon-right-open-big\"><\/span><\/span><\/a><\/div>[\/vc_column][vc_column offset=&#8221;vc_col-lg-6&#8243; woodmart_css_id=&#8221;6256e4071a9be&#8221; parallax_scroll=&#8221;no&#8221; woodmart_sticky_column=&#8221;false&#8221; wd_collapsible_content_switcher=&#8221;no&#8221; wd_column_role_offcanvas_desktop=&#8221;no&#8221; wd_column_role_offcanvas_tablet=&#8221;no&#8221; wd_column_role_offcanvas_mobile=&#8221;no&#8221; wd_column_role_content_desktop=&#8221;no&#8221; wd_column_role_content_tablet=&#8221;no&#8221; wd_column_role_content_mobile=&#8221;no&#8221; mobile_bg_img_hidden=&#8221;no&#8221; tablet_bg_img_hidden=&#8221;no&#8221; woodmart_parallax=&#8221;0&#8243; woodmart_box_shadow=&#8221;no&#8221; responsive_spacing=&#8221;eyJwYXJhbV90eXBlIjoid29vZG1hcnRfcmVzcG9uc2l2ZV9zcGFjaW5nIiwic2VsZWN0b3JfaWQiOiI2MjU2ZTQwNzFhOWJlIiwic2hvcnRjb2RlIjoidmNfY29sdW1uIiwiZGF0YSI6eyJ0YWJsZXQiOnt9LCJtb2JpbGUiOnt9fX0=&#8221; mobile_reset_margin=&#8221;no&#8221; tablet_reset_margin=&#8221;no&#8221; wd_z_index=&#8221;no&#8221;]\t\t<div id=\"wd-690dfac123c61\" class=\"wd-image wd-wpb wd-rs-690dfac123c61 text-left \">\n\t\t\t\n\t\t\t<img loading=\"lazy\" decoding=\"async\" width=\"1024\" height=\"682\" src=\"https:\/\/www.ferenczifemipar.hu\/wp-content\/uploads\/2025\/04\/lakatosipari-munkak-gyor-ferenczi.femipar-1024x682.jpg\" class=\"attachment-large size-large\" alt=\"Lakatosipari munk\u00e1k, f\u00e9mipari tev\u00e9kenys\u00e9g Gy\u0151r\" srcset=\"https:\/\/www.ferenczifemipar.hu\/wp-content\/uploads\/2025\/04\/lakatosipari-munkak-gyor-ferenczi.femipar-1024x682.jpg 1024w, https:\/\/www.ferenczifemipar.hu\/wp-content\/uploads\/2025\/04\/lakatosipari-munkak-gyor-ferenczi.femipar-500x333.jpg 500w, https:\/\/www.ferenczifemipar.hu\/wp-content\/uploads\/2025\/04\/lakatosipari-munkak-gyor-ferenczi.femipar-150x100.jpg 150w, https:\/\/www.ferenczifemipar.hu\/wp-content\/uploads\/2025\/04\/lakatosipari-munkak-gyor-ferenczi.femipar-600x400.jpg 600w, https:\/\/www.ferenczifemipar.hu\/wp-content\/uploads\/2025\/04\/lakatosipari-munkak-gyor-ferenczi.femipar-300x200.jpg 300w, https:\/\/www.ferenczifemipar.hu\/wp-content\/uploads\/2025\/04\/lakatosipari-munkak-gyor-ferenczi.femipar-768x512.jpg 768w, https:\/\/www.ferenczifemipar.hu\/wp-content\/uploads\/2025\/04\/lakatosipari-munkak-gyor-ferenczi.femipar-1536x1024.jpg 1536w, https:\/\/www.ferenczifemipar.hu\/wp-content\/uploads\/2025\/04\/lakatosipari-munkak-gyor-ferenczi.femipar.jpg 2000w\" sizes=\"auto, (max-width: 1024px) 100vw, 1024px\" \/>\n\t\t\t\t\t<\/div>\n\t\t[\/vc_column][\/vc_row][vc_row content_placement=&#8221;middle&#8221; woodmart_stretch_content=&#8221;section-stretch&#8221; css=&#8221;.vc_custom_1743685443345{margin-top: 50px !important;margin-bottom: 40px !important;padding-top: 30px !important;padding-bottom: 30px !important;background-color: #F5F5F5 !important;}&#8221; woodmart_css_id=&#8221;67ee87400e074&#8243; responsive_spacing=&#8221;eyJwYXJhbV90eXBlIjoid29vZG1hcnRfcmVzcG9uc2l2ZV9zcGFjaW5nIiwic2VsZWN0b3JfaWQiOiI2N2VlODc0MDBlMDc0Iiwic2hvcnRjb2RlIjoidmNfcm93IiwiZGF0YSI6eyJ0YWJsZXQiOnsibWFyZ2luLXRvcCI6Ii0yMHB4In0sIm1vYmlsZSI6e319fQ==&#8221; mobile_bg_img_hidden=&#8221;no&#8221; tablet_bg_img_hidden=&#8221;no&#8221; woodmart_parallax=&#8221;0&#8243; woodmart_gradient_switch=&#8221;no&#8221; woodmart_box_shadow=&#8221;no&#8221; wd_z_index=&#8221;no&#8221; woodmart_disable_overflow=&#8221;0&#8243; row_reverse_mobile=&#8221;0&#8243; row_reverse_tablet=&#8221;0&#8243;][vc_column offset=&#8221;vc_col-lg-6&#8243; woodmart_css_id=&#8221;67ee895a17dda&#8221; parallax_scroll=&#8221;no&#8221; woodmart_sticky_column=&#8221;false&#8221; wd_collapsible_content_switcher=&#8221;no&#8221; wd_column_role_offcanvas_desktop=&#8221;no&#8221; wd_column_role_offcanvas_tablet=&#8221;no&#8221; wd_column_role_offcanvas_mobile=&#8221;no&#8221; wd_column_role_content_desktop=&#8221;no&#8221; wd_column_role_content_tablet=&#8221;no&#8221; wd_column_role_content_mobile=&#8221;no&#8221; mobile_bg_img_hidden=&#8221;no&#8221; tablet_bg_img_hidden=&#8221;no&#8221; woodmart_parallax=&#8221;0&#8243; woodmart_box_shadow=&#8221;no&#8221; responsive_spacing=&#8221;eyJwYXJhbV90eXBlIjoid29vZG1hcnRfcmVzcG9uc2l2ZV9zcGFjaW5nIiwic2VsZWN0b3JfaWQiOiI2N2VlODk1YTE3ZGRhIiwic2hvcnRjb2RlIjoidmNfY29sdW1uIiwiZGF0YSI6eyJ0YWJsZXQiOnt9LCJtb2JpbGUiOnt9fX0=&#8221; mobile_reset_margin=&#8221;no&#8221; tablet_reset_margin=&#8221;no&#8221; wd_z_index=&#8221;no&#8221; css=&#8221;.vc_custom_1743685980843{margin-top: 0px !important;padding-top: 0px !important;}&#8221;]\n\t\t<div id=\"wd-690dfad98f85e\" class=\"title-wrapper wd-wpb wd-set-mb reset-last-child  wd-rs-690dfad98f85e wd-title-color-default wd-title-style-default text-left  wd-underline-colored\">\n\t\t\t\n\t\t\t<div class=\"liner-continer\">\n\t\t\t\t<h2 class=\"woodmart-title-container title  wd-font-weight-800 wd-fontsize-xxl\" >CNC cutting and bending<\/h2>\n\t\t\t\t\t\t\t<\/div>\n\t\t\t\n\t\t\t\n\t\t\t\n\t\t<\/div>\n\t\t\n\t\t\t\t<div id=\"wd-690dfadf28166\" class=\"wd-text-block wd-wpb reset-last-child wd-rs-690dfadf28166 text-left \">\n\t\t\t<p>We undertake the machining of a wide variety of materials in many areas of the metal industry with our modern, high-precision CNC technologies. Our services cover the most common cutting and bending processes, offering our customers fast, reliable, and cost-effective solutions.<\/p>\n\t\t<\/div>\n\t\t<div id=\"wd-690dfae541dca\" class=\" wd-rs-690dfae541dca  wd-button-wrapper text-center inline-element\"><a href=\"https:\/\/www.ferenczifemipar.hu\/en\/our-activities\/cnc-cutting-and-bending\/cnc-laser-cutting\/\" title=\"\" class=\"btn btn-style-default btn-shape-rectangle btn-size-extra-large ff-link btn-icon-pos-right\">CNC laser cutting<span class=\"wd-btn-icon\"><span class=\"wd-icon entypo-icon entypo-icon-right-open-big\"><\/span><\/span><\/a><\/div><div id=\"wd-690dfb78d92e1\" class=\" wd-rs-690dfb78d92e1  wd-button-wrapper text-center inline-element\"><a href=\"https:\/\/www.ferenczifemipar.hu\/en\/our-activities\/cnc-cutting-and-bending\/cnc-waterjet-cutting\/\" title=\"\" class=\"btn btn-style-default btn-shape-rectangle btn-size-extra-large ff-link btn-icon-pos-right\">CNC waterjet cutting<span class=\"wd-btn-icon\"><span class=\"wd-icon entypo-icon entypo-icon-right-open-big\"><\/span><\/span><\/a><\/div><div id=\"wd-690dfb849ebd8\" class=\" wd-rs-690dfb849ebd8  wd-button-wrapper text-center inline-element\"><a href=\"https:\/\/www.ferenczifemipar.hu\/en\/our-activities\/cnc-cutting-and-bending\/cnc-flame-cutting\/\" title=\"\" class=\"btn btn-style-default btn-shape-rectangle btn-size-extra-large ff-link btn-icon-pos-right\">CNC flame cutting<span class=\"wd-btn-icon\"><span class=\"wd-icon entypo-icon entypo-icon-right-open-big\"><\/span><\/span><\/a><\/div><div id=\"wd-690dfb90dbd28\" class=\" wd-rs-690dfb90dbd28  wd-button-wrapper text-center inline-element\"><a href=\"https:\/\/www.ferenczifemipar.hu\/en\/our-activities\/cnc-cutting-and-bending\/cnc-bending\/\" title=\"\" class=\"btn btn-style-default btn-shape-rectangle btn-size-extra-large ff-link btn-icon-pos-right\">CNC bending<span class=\"wd-btn-icon\"><span class=\"wd-icon entypo-icon entypo-icon-right-open-big\"><\/span><\/span><\/a><\/div>[\/vc_column][vc_column offset=&#8221;vc_col-lg-6&#8243; woodmart_css_id=&#8221;6256e4071a9be&#8221; parallax_scroll=&#8221;no&#8221; woodmart_sticky_column=&#8221;false&#8221; wd_collapsible_content_switcher=&#8221;no&#8221; wd_column_role_offcanvas_desktop=&#8221;no&#8221; wd_column_role_offcanvas_tablet=&#8221;no&#8221; wd_column_role_offcanvas_mobile=&#8221;no&#8221; wd_column_role_content_desktop=&#8221;no&#8221; wd_column_role_content_tablet=&#8221;no&#8221; wd_column_role_content_mobile=&#8221;no&#8221; mobile_bg_img_hidden=&#8221;no&#8221; tablet_bg_img_hidden=&#8221;no&#8221; woodmart_parallax=&#8221;0&#8243; woodmart_box_shadow=&#8221;no&#8221; responsive_spacing=&#8221;eyJwYXJhbV90eXBlIjoid29vZG1hcnRfcmVzcG9uc2l2ZV9zcGFjaW5nIiwic2VsZWN0b3JfaWQiOiI2MjU2ZTQwNzFhOWJlIiwic2hvcnRjb2RlIjoidmNfY29sdW1uIiwiZGF0YSI6eyJ0YWJsZXQiOnt9LCJtb2JpbGUiOnt9fX0=&#8221; mobile_reset_margin=&#8221;no&#8221; tablet_reset_margin=&#8221;no&#8221; wd_z_index=&#8221;no&#8221;]\t\t<div id=\"wd-68231f07a627f\" class=\"wd-image wd-wpb wd-rs-68231f07a627f text-left \">\n\t\t\t\n\t\t\t<img loading=\"lazy\" decoding=\"async\" width=\"900\" height=\"600\" src=\"https:\/\/www.ferenczifemipar.hu\/wp-content\/uploads\/2025\/05\/lezervagas-cnc-gyor-ferenczi-femipari-kft.webp\" class=\"attachment-full size-full\" alt=\"\" srcset=\"https:\/\/www.ferenczifemipar.hu\/wp-content\/uploads\/2025\/05\/lezervagas-cnc-gyor-ferenczi-femipari-kft.webp 900w, https:\/\/www.ferenczifemipar.hu\/wp-content\/uploads\/2025\/05\/lezervagas-cnc-gyor-ferenczi-femipari-kft-500x333.webp 500w, https:\/\/www.ferenczifemipar.hu\/wp-content\/uploads\/2025\/05\/lezervagas-cnc-gyor-ferenczi-femipari-kft-150x100.webp 150w, https:\/\/www.ferenczifemipar.hu\/wp-content\/uploads\/2025\/05\/lezervagas-cnc-gyor-ferenczi-femipari-kft-600x400.webp 600w, https:\/\/www.ferenczifemipar.hu\/wp-content\/uploads\/2025\/05\/lezervagas-cnc-gyor-ferenczi-femipari-kft-300x200.webp 300w, https:\/\/www.ferenczifemipar.hu\/wp-content\/uploads\/2025\/05\/lezervagas-cnc-gyor-ferenczi-femipari-kft-768x512.webp 768w\" sizes=\"auto, (max-width: 900px) 100vw, 900px\" \/>\n\t\t\t\t\t<\/div>\n\t\t[\/vc_column][\/vc_row][vc_row content_placement=&#8221;middle&#8221; css=&#8221;.vc_custom_1743686309632{margin-top: 50px !important;}&#8221; woodmart_css_id=&#8221;67ee8aa18671e&#8221; responsive_spacing=&#8221;eyJwYXJhbV90eXBlIjoid29vZG1hcnRfcmVzcG9uc2l2ZV9zcGFjaW5nIiwic2VsZWN0b3JfaWQiOiI2N2VlOGFhMTg2NzFlIiwic2hvcnRjb2RlIjoidmNfcm93IiwiZGF0YSI6eyJ0YWJsZXQiOnsibWFyZ2luLXRvcCI6Ii0yMHB4In0sIm1vYmlsZSI6e319fQ==&#8221; mobile_bg_img_hidden=&#8221;no&#8221; tablet_bg_img_hidden=&#8221;no&#8221; woodmart_parallax=&#8221;0&#8243; woodmart_gradient_switch=&#8221;no&#8221; woodmart_box_shadow=&#8221;no&#8221; wd_z_index=&#8221;no&#8221; woodmart_disable_overflow=&#8221;0&#8243; row_reverse_mobile=&#8221;0&#8243; row_reverse_tablet=&#8221;0&#8243;][vc_column offset=&#8221;vc_col-lg-6&#8243; woodmart_css_id=&#8221;67ee8966456fe&#8221; parallax_scroll=&#8221;no&#8221; woodmart_sticky_column=&#8221;false&#8221; wd_collapsible_content_switcher=&#8221;no&#8221; wd_column_role_offcanvas_desktop=&#8221;no&#8221; wd_column_role_offcanvas_tablet=&#8221;no&#8221; wd_column_role_offcanvas_mobile=&#8221;no&#8221; wd_column_role_content_desktop=&#8221;no&#8221; wd_column_role_content_tablet=&#8221;no&#8221; wd_column_role_content_mobile=&#8221;no&#8221; mobile_bg_img_hidden=&#8221;no&#8221; tablet_bg_img_hidden=&#8221;no&#8221; woodmart_parallax=&#8221;0&#8243; woodmart_box_shadow=&#8221;no&#8221; responsive_spacing=&#8221;eyJwYXJhbV90eXBlIjoid29vZG1hcnRfcmVzcG9uc2l2ZV9zcGFjaW5nIiwic2VsZWN0b3JfaWQiOiI2N2VlODk2NjQ1NmZlIiwic2hvcnRjb2RlIjoidmNfY29sdW1uIiwiZGF0YSI6eyJ0YWJsZXQiOnt9LCJtb2JpbGUiOnt9fX0=&#8221; mobile_reset_margin=&#8221;no&#8221; tablet_reset_margin=&#8221;no&#8221; wd_z_index=&#8221;no&#8221; css=&#8221;.vc_custom_1743685992524{margin-top: 0px !important;padding-top: 0px !important;}&#8221;]\n\t\t<div id=\"wd-690dfb9d8eb7b\" class=\"title-wrapper wd-wpb wd-set-mb reset-last-child  wd-rs-690dfb9d8eb7b wd-title-color-default wd-title-style-default text-left  wd-underline-colored\">\n\t\t\t\n\t\t\t<div class=\"liner-continer\">\n\t\t\t\t<h2 class=\"woodmart-title-container title  wd-font-weight-800 wd-fontsize-xxl\" >Electrostatic powder coating<\/h2>\n\t\t\t\t\t\t\t<\/div>\n\t\t\t\n\t\t\t\n\t\t\t\n\t\t<\/div>\n\t\t\n\t\t\t\t<div id=\"wd-690dfba548d94\" class=\"wd-text-block wd-wpb reset-last-child wd-rs-690dfba548d94 text-left \">\n\t\t\t<p>Powder coating or sintering is one of the most widespread surface treatment processes in the metal and engineering industries. In this procedure a coloured plastic powder-based paint is applied to the workpiece, which is then melted onto the surface in an oven at 160\u2013200 Celsius degrees. The resulting cross-linked surface created in the oven is extremely durable, flexible, and heat-resistant, which provides precise and rapid surface protection for metallic materials.<\/p>\n\t\t<\/div>\n\t\t<div id=\"wd-690dfbaa27e83\" class=\" wd-rs-690dfbaa27e83  wd-button-wrapper text-left\"><a href=\"https:\/\/www.ferenczifemipar.hu\/en\/our-activities\/electrostatic-powder-coating\/\" title=\"\" class=\"btn btn-style-default btn-shape-rectangle btn-size-extra-large ff-link btn-icon-pos-right\">Read more<span class=\"wd-btn-icon\"><span class=\"wd-icon entypo-icon entypo-icon-right-open-big\"><\/span><\/span><\/a><\/div>[\/vc_column][vc_column offset=&#8221;vc_col-lg-6&#8243; woodmart_css_id=&#8221;6256e4071a9be&#8221; parallax_scroll=&#8221;no&#8221; woodmart_sticky_column=&#8221;false&#8221; wd_collapsible_content_switcher=&#8221;no&#8221; wd_column_role_offcanvas_desktop=&#8221;no&#8221; wd_column_role_offcanvas_tablet=&#8221;no&#8221; wd_column_role_offcanvas_mobile=&#8221;no&#8221; wd_column_role_content_desktop=&#8221;no&#8221; wd_column_role_content_tablet=&#8221;no&#8221; wd_column_role_content_mobile=&#8221;no&#8221; mobile_bg_img_hidden=&#8221;no&#8221; tablet_bg_img_hidden=&#8221;no&#8221; woodmart_parallax=&#8221;0&#8243; woodmart_box_shadow=&#8221;no&#8221; responsive_spacing=&#8221;eyJwYXJhbV90eXBlIjoid29vZG1hcnRfcmVzcG9uc2l2ZV9zcGFjaW5nIiwic2VsZWN0b3JfaWQiOiI2MjU2ZTQwNzFhOWJlIiwic2hvcnRjb2RlIjoidmNfY29sdW1uIiwiZGF0YSI6eyJ0YWJsZXQiOnt9LCJtb2JpbGUiOnt9fX0=&#8221; mobile_reset_margin=&#8221;no&#8221; tablet_reset_margin=&#8221;no&#8221; wd_z_index=&#8221;no&#8221;]\t\t<div id=\"wd-68231f143ce6a\" class=\"wd-image wd-wpb wd-rs-68231f143ce6a text-left \">\n\t\t\t\n\t\t\t<img loading=\"lazy\" decoding=\"async\" width=\"1280\" height=\"853\" src=\"https:\/\/www.ferenczifemipar.hu\/wp-content\/uploads\/2025\/05\/porfestes-gyor-ferenczi-femipar.jpg\" class=\"attachment-full size-full\" alt=\"\" srcset=\"https:\/\/www.ferenczifemipar.hu\/wp-content\/uploads\/2025\/05\/porfestes-gyor-ferenczi-femipar.jpg 1280w, https:\/\/www.ferenczifemipar.hu\/wp-content\/uploads\/2025\/05\/porfestes-gyor-ferenczi-femipar-500x333.jpg 500w, https:\/\/www.ferenczifemipar.hu\/wp-content\/uploads\/2025\/05\/porfestes-gyor-ferenczi-femipar-150x100.jpg 150w, https:\/\/www.ferenczifemipar.hu\/wp-content\/uploads\/2025\/05\/porfestes-gyor-ferenczi-femipar-600x400.jpg 600w, https:\/\/www.ferenczifemipar.hu\/wp-content\/uploads\/2025\/05\/porfestes-gyor-ferenczi-femipar-300x200.jpg 300w, https:\/\/www.ferenczifemipar.hu\/wp-content\/uploads\/2025\/05\/porfestes-gyor-ferenczi-femipar-1024x682.jpg 1024w, https:\/\/www.ferenczifemipar.hu\/wp-content\/uploads\/2025\/05\/porfestes-gyor-ferenczi-femipar-768x512.jpg 768w\" sizes=\"auto, (max-width: 1280px) 100vw, 1280px\" \/>\n\t\t\t\t\t<\/div>\n\t\t[\/vc_column][\/vc_row]<\/p>\n<\/div>","protected":false},"excerpt":{"rendered":"<p>[vc_row content_placement=&#8221;middle&#8221; css=&#8221;.vc_custom_1743685379353{margin-top: 50px !important;margin-bottom: 100px !important;}&#8221; woodmart_css_id=&#8221;67ee86f8b39e7&#8243; responsive_spacing=&#8221;eyJwYXJhbV90eXBlIjoid29vZG1hcnRfcmVzcG9uc2l2ZV9zcGFjaW5nIiwic2VsZWN0b3JfaWQiOiI2N2VlODZmOGIzOWU3Iiwic2hvcnRjb2RlIjoidmNfcm93IiwiZGF0YSI6eyJ0YWJsZXQiOnsibWFyZ2luLXRvcCI6Ii0yMHB4In0sIm1vYmlsZSI6e319fQ==&#8221; mobile_bg_img_hidden=&#8221;no&#8221; tablet_bg_img_hidden=&#8221;no&#8221; woodmart_parallax=&#8221;0&#8243; woodmart_gradient_switch=&#8221;no&#8221; woodmart_box_shadow=&#8221;no&#8221; wd_z_index=&#8221;no&#8221; woodmart_disable_overflow=&#8221;0&#8243; row_reverse_mobile=&#8221;0&#8243; row_reverse_tablet=&#8221;0&#8243;][vc_column offset=&#8221;vc_col-lg-6&#8243; woodmart_css_id=&#8221;67ee8966456fe&#8221;<\/p>\n","protected":false},"author":1,"featured_media":0,"parent":0,"menu_order":0,"comment_status":"closed","ping_status":"closed","template":"","meta":{"footnotes":""},"class_list":["post-1845","page","type-page","status-publish","hentry"],"_links":{"self":[{"href":"https:\/\/www.ferenczifemipar.hu\/en\/wp-json\/wp\/v2\/pages\/1845","targetHints":{"allow":["GET"]}}],"collection":[{"href":"https:\/\/www.ferenczifemipar.hu\/en\/wp-json\/wp\/v2\/pages"}],"about":[{"href":"https:\/\/www.ferenczifemipar.hu\/en\/wp-json\/wp\/v2\/types\/page"}],"author":[{"embeddable":true,"href":"https:\/\/www.ferenczifemipar.hu\/en\/wp-json\/wp\/v2\/users\/1"}],"replies":[{"embeddable":true,"href":"https:\/\/www.ferenczifemipar.hu\/en\/wp-json\/wp\/v2\/comments?post=1845"}],"version-history":[{"count":4,"href":"https:\/\/www.ferenczifemipar.hu\/en\/wp-json\/wp\/v2\/pages\/1845\/revisions"}],"predecessor-version":[{"id":2259,"href":"https:\/\/www.ferenczifemipar.hu\/en\/wp-json\/wp\/v2\/pages\/1845\/revisions\/2259"}],"wp:attachment":[{"href":"https:\/\/www.ferenczifemipar.hu\/en\/wp-json\/wp\/v2\/media?parent=1845"}],"curies":[{"name":"wp","href":"https:\/\/api.w.org\/{rel}","templated":true}]}}