{"id":1925,"date":"2025-04-04T17:49:06","date_gmt":"2025-04-04T15:49:06","guid":{"rendered":"https:\/\/www.ferenczifemipar.hu\/impresszum\/"},"modified":"2025-11-07T16:02:41","modified_gmt":"2025-11-07T15:02:41","slug":"imprint","status":"publish","type":"page","link":"https:\/\/www.ferenczifemipar.hu\/en\/imprint\/","title":{"rendered":"Impresszum"},"content":{"rendered":"<div class=\"wpb-content-wrapper\"><p>[vc_row][vc_column]\t\t<div id=\"wd-690e09f11e3c1\" class=\"wd-text-block wd-wpb reset-last-child wd-rs-690e09f11e3c1 text-left \">\n\t\t\t<p><strong>Company name:<\/strong> Ferenczi F\u00e9mipari Kft.<br \/>\n<strong>Short company name:<\/strong> Ferenczi Kft.<br \/>\n<strong>Registered office:<\/strong> 9083 \u00c9cs, Kossuth L. Street 66.<br \/>\n<strong>Site \/ Mailing and delivery address:<\/strong> 9028 Gy\u0151r, Serf\u0151z\u0151dombi d\u0171l\u0151 3.<br \/>\n<strong>Company registration number:<\/strong> 08-09-008479<br \/>\n<strong>Tax number:<\/strong> 11917876-2-08<br \/>\n<strong>EU VAT number:<\/strong> HU11917876<br \/>\n<strong>Bank account number:<\/strong> 10400401-50526786-48721001 (K&amp;H Bank)<\/p>\n<p><strong>Web hosting provider details:<\/strong><br \/>\nHosting provider name: WEBSUPPORT MAGYARORSZ\u00c1G KFT.<br \/>\nHosting provider address: 1132 Budapest, Victor Hugo Street 18-22.<br \/>\nHosting provider website: https:\/\/www.websupport.hu\/<br \/>\nHosting provider email: <a class=\"block mt-8 text-h6 text-brick-neon hover:text-brick-p1\" href=\"mailto:support@websupport.hu\">support@websupport.hu<\/a><\/p>\n\t\t<\/div>\n\t\t[\/vc_column][\/vc_row]<\/p>\n<\/div>","protected":false},"excerpt":{"rendered":"<p>[vc_row][vc_column][\/vc_column][\/vc_row]<\/p>\n","protected":false},"author":1,"featured_media":0,"parent":0,"menu_order":0,"comment_status":"closed","ping_status":"closed","template":"","meta":{"footnotes":""},"class_list":["post-1925","page","type-page","status-publish","hentry"],"_links":{"self":[{"href":"https:\/\/www.ferenczifemipar.hu\/en\/wp-json\/wp\/v2\/pages\/1925","targetHints":{"allow":["GET"]}}],"collection":[{"href":"https:\/\/www.ferenczifemipar.hu\/en\/wp-json\/wp\/v2\/pages"}],"about":[{"href":"https:\/\/www.ferenczifemipar.hu\/en\/wp-json\/wp\/v2\/types\/page"}],"author":[{"embeddable":true,"href":"https:\/\/www.ferenczifemipar.hu\/en\/wp-json\/wp\/v2\/users\/1"}],"replies":[{"embeddable":true,"href":"https:\/\/www.ferenczifemipar.hu\/en\/wp-json\/wp\/v2\/comments?post=1925"}],"version-history":[{"count":2,"href":"https:\/\/www.ferenczifemipar.hu\/en\/wp-json\/wp\/v2\/pages\/1925\/revisions"}],"predecessor-version":[{"id":1928,"href":"https:\/\/www.ferenczifemipar.hu\/en\/wp-json\/wp\/v2\/pages\/1925\/revisions\/1928"}],"wp:attachment":[{"href":"https:\/\/www.ferenczifemipar.hu\/en\/wp-json\/wp\/v2\/media?parent=1925"}],"curies":[{"name":"wp","href":"https:\/\/api.w.org\/{rel}","templated":true}]}}