{"id":2165,"date":"2026-01-27T15:08:11","date_gmt":"2026-01-27T14:08:11","guid":{"rendered":"https:\/\/www.ferenczifemipar.hu\/our-activities\/cnc-cutting-and-bending\/csolezer-vagas\/"},"modified":"2026-02-02T14:02:14","modified_gmt":"2026-02-02T13:02:14","slug":"tube-laser-cutting","status":"publish","type":"page","link":"https:\/\/www.ferenczifemipar.hu\/en\/our-activities\/cnc-cutting-and-bending\/tube-laser-cutting\/","title":{"rendered":"Tube laser cutting"},"content":{"rendered":"<div class=\"wpb-content-wrapper\"><p>[vc_row gap=&#8221;15&#8243; equal_height=&#8221;yes&#8221; woodmart_css_id=&#8221;6980a04a3633b&#8221; responsive_spacing=&#8221;eyJwYXJhbV90eXBlIjoid29vZG1hcnRfcmVzcG9uc2l2ZV9zcGFjaW5nIiwic2VsZWN0b3JfaWQiOiI2OTgwYTA0YTM2MzNiIiwic2hvcnRjb2RlIjoidmNfcm93IiwiZGF0YSI6eyJ0YWJsZXQiOnt9LCJtb2JpbGUiOnt9fX0=&#8221; mobile_bg_img_hidden=&#8221;no&#8221; tablet_bg_img_hidden=&#8221;no&#8221; woodmart_parallax=&#8221;0&#8243; woodmart_gradient_switch=&#8221;no&#8221; woodmart_box_shadow=&#8221;no&#8221; wd_z_index=&#8221;no&#8221; woodmart_disable_overflow=&#8221;0&#8243; row_reverse_mobile=&#8221;0&#8243; row_reverse_tablet=&#8221;0&#8243;][vc_column width=&#8221;1\/2&#8243; woodmart_sticky_column_offset=&#8221;150&#8243; woodmart_css_id=&#8221;681b58d447552&#8243; parallax_scroll=&#8221;no&#8221; woodmart_sticky_column=&#8221;true&#8221; wd_collapsible_content_switcher=&#8221;no&#8221; wd_column_role_offcanvas_desktop=&#8221;no&#8221; wd_column_role_offcanvas_tablet=&#8221;no&#8221; wd_column_role_offcanvas_mobile=&#8221;no&#8221; wd_column_role_content_desktop=&#8221;no&#8221; wd_column_role_content_tablet=&#8221;no&#8221; wd_column_role_content_mobile=&#8221;no&#8221; mobile_bg_img_hidden=&#8221;no&#8221; tablet_bg_img_hidden=&#8221;no&#8221; woodmart_parallax=&#8221;0&#8243; woodmart_box_shadow=&#8221;no&#8221; responsive_spacing=&#8221;eyJwYXJhbV90eXBlIjoid29vZG1hcnRfcmVzcG9uc2l2ZV9zcGFjaW5nIiwic2VsZWN0b3JfaWQiOiI2ODFiNThkNDQ3NTUyIiwic2hvcnRjb2RlIjoidmNfY29sdW1uIiwiZGF0YSI6eyJ0YWJsZXQiOnt9LCJtb2JpbGUiOnt9fX0=&#8221; mobile_reset_margin=&#8221;no&#8221; tablet_reset_margin=&#8221;no&#8221; wd_z_index=&#8221;no&#8221;]\t\t<div id=\"wd-69809f6d6c2be\" class=\"wd-text-block wd-wpb reset-last-child wd-rs-69809f6d6c2be text-left  lead\">\n\t\t\t<h2>Tube laser cutting is a CNC laser cutting process suitable for cutting round, square, and rectangular cross-section fibers. It combines multiple work processes into a single precise technology: cutting, drilling, milling, thread preparation, and weld edge breaking are all performed in a single step. The process also enables cutting and shaping solutions that are not feasible with conventional machining, or only at a significant additional cost.<\/h2>\n\t\t<\/div>\n\t\t\t\t<div id=\"wd-69809f81c34c4\" class=\"wd-text-block wd-wpb reset-last-child wd-rs-69809f81c34c4 text-left \">\n\t\t\t<p>Tube laser cutting is particularly suitable for the production of complex, unique geometric shapes. Cuts are always extremely precise with excellent edge quality, significantly reducing the need for post-processing. Faster production times and precise fits make the entire work process more efficient, resulting in measurable cost reductions.<\/p>\n<p>It is an ideal solution for series production and custom parts where precision, repeatability, and high quality are fundamental requirements.<\/p>\n\t\t<\/div>\n\t\t\t\t<div id=\"wd-69809fdf1d1bc\" class=\"wd-text-block wd-wpb reset-last-child wd-rs-69809fdf1d1bc text-left \">\n\t\t\t<p><strong class=\"bluestrong\">F\u0151bb jellemz\u0151k:<\/strong><\/p>\n<ul class=\"ff-list ff-list2\">\n<li><strong>Model:<\/strong> K120<\/li>\n<li><strong>Laser power source:<\/strong> 3 kW<\/li>\n<li><strong>Repositioning accuracy:<\/strong> 0.03 mm<\/li>\n<li><strong>Maximum acceleration:<\/strong> 1.5G<\/li>\n<li><strong>Chuck rotation speed (max.):<\/strong> 135 rpm<\/li>\n<li><strong>Maximum tube length:<\/strong> 6,500 mm<\/li>\n<li><strong>Maximum tube weight:<\/strong> 80 kg \/ 13.3 kg per meter<\/li>\n<li><strong>Minimum remaining material:<\/strong> 40 mm<\/li>\n<li><strong>Round tube diameter:<\/strong> 6\u2013120 mm<\/li>\n<li><strong>Square tube size:<\/strong> 6\u2013110 mm<\/li>\n<li><strong>Rectangular tube:<\/strong> min. 6 mm \u2013 max. 110 mm side length<\/li>\n<li><strong>Machine dimensions:<\/strong> 8,992 \u00d7 1,595 \u00d7 2,059 mm<\/li>\n<\/ul>\n\t\t<\/div>\n\t\t[\/vc_column][vc_column width=&#8221;1\/2&#8243; woodmart_sticky_column_offset=&#8221;150&#8243; woodmart_css_id=&#8221;6980a04e893a2&#8243; parallax_scroll=&#8221;no&#8221; woodmart_sticky_column=&#8221;true&#8221; wd_collapsible_content_switcher=&#8221;no&#8221; wd_column_role_offcanvas_desktop=&#8221;no&#8221; wd_column_role_offcanvas_tablet=&#8221;no&#8221; wd_column_role_offcanvas_mobile=&#8221;no&#8221; wd_column_role_content_desktop=&#8221;no&#8221; wd_column_role_content_tablet=&#8221;no&#8221; wd_column_role_content_mobile=&#8221;no&#8221; mobile_bg_img_hidden=&#8221;no&#8221; tablet_bg_img_hidden=&#8221;no&#8221; woodmart_parallax=&#8221;0&#8243; woodmart_box_shadow=&#8221;no&#8221; responsive_spacing=&#8221;eyJwYXJhbV90eXBlIjoid29vZG1hcnRfcmVzcG9uc2l2ZV9zcGFjaW5nIiwic2VsZWN0b3JfaWQiOiI2OTgwYTA0ZTg5M2EyIiwic2hvcnRjb2RlIjoidmNfY29sdW1uIiwiZGF0YSI6eyJ0YWJsZXQiOnt9LCJtb2JpbGUiOnt9fX0=&#8221; mobile_reset_margin=&#8221;no&#8221; tablet_reset_margin=&#8221;no&#8221; wd_z_index=&#8221;no&#8221;]\t\t<div id=\"gallery_918\" class=\"wd-images-gallery wd-wpb wd-rs-6978cf4f3d627 photoswipe-images\" style=\"--wd-justify-content:center;--wd-align-items:center;\">\n\t\t\t\n\t\t\t<div class=\" wd-grid-g\" style=\"--wd-col-lg:1;--wd-col-md:1;--wd-col-sm:1;--wd-gap-lg:20px;--wd-gap-sm:10px;\">\n\t\t\t\t\n\t\t\t\t\t\t\t\t\t\t\t\t\t\t\t<div class=\"wd-gallery-item wd-col\">\n\t\t\t\t\t\t\t\t\t\t\t\t\t\t<a href=\"https:\/\/www.ferenczifemipar.hu\/wp-content\/uploads\/2026\/01\/csolezer-vagas-gyor-ferenczi-femipar.jpg\" data-elementor-open-lightbox=\"no\" data-index=\"1\" data-width=\"1680\" data-height=\"930\" \n\t\t\t\t\t\t\t\t\t\t\t\t >\n\t\t\t\t\t\t\t\t\n\t\t\t\t\t\t\t\t<img loading=\"lazy\" decoding=\"async\" width=\"1680\" height=\"930\" src=\"https:\/\/www.ferenczifemipar.hu\/wp-content\/uploads\/2026\/01\/csolezer-vagas-gyor-ferenczi-femipar.jpg\" class=\"wd-gallery-image image-1\" alt=\"Cs\u0151l\u00e9zer v\u00e1g\u00e1s Gy\u0151r - Ferenczi F\u00e9mipar\" srcset=\"https:\/\/www.ferenczifemipar.hu\/wp-content\/uploads\/2026\/01\/csolezer-vagas-gyor-ferenczi-femipar.jpg 1680w, https:\/\/www.ferenczifemipar.hu\/wp-content\/uploads\/2026\/01\/csolezer-vagas-gyor-ferenczi-femipar-300x166.jpg 300w, https:\/\/www.ferenczifemipar.hu\/wp-content\/uploads\/2026\/01\/csolezer-vagas-gyor-ferenczi-femipar-1024x567.jpg 1024w, https:\/\/www.ferenczifemipar.hu\/wp-content\/uploads\/2026\/01\/csolezer-vagas-gyor-ferenczi-femipar-768x425.jpg 768w, https:\/\/www.ferenczifemipar.hu\/wp-content\/uploads\/2026\/01\/csolezer-vagas-gyor-ferenczi-femipar-1536x850.jpg 1536w, https:\/\/www.ferenczifemipar.hu\/wp-content\/uploads\/2026\/01\/csolezer-vagas-gyor-ferenczi-femipar-500x277.jpg 500w, https:\/\/www.ferenczifemipar.hu\/wp-content\/uploads\/2026\/01\/csolezer-vagas-gyor-ferenczi-femipar-600x332.jpg 600w, https:\/\/www.ferenczifemipar.hu\/wp-content\/uploads\/2026\/01\/csolezer-vagas-gyor-ferenczi-femipar-150x83.jpg 150w\" sizes=\"auto, (max-width: 1680px) 100vw, 1680px\" \/>\n\t\t\t\t\t\t\t\t\t\t\t\t\t\t\t<\/a>\n\t\t\t\t\t\t\t\t\t\t\t\t<\/div>\n\t\t\t\t\t\t\t\t\t\t\t<div class=\"wd-gallery-item wd-col\">\n\t\t\t\t\t\t\t\t\t\t\t\t\t\t<a href=\"https:\/\/www.ferenczifemipar.hu\/wp-content\/uploads\/2026\/01\/csolezer-lead-1.jpg\" data-elementor-open-lightbox=\"no\" data-index=\"2\" data-width=\"900\" data-height=\"600\" \n\t\t\t\t\t\t\t\t\t\t\t\t >\n\t\t\t\t\t\t\t\t\n\t\t\t\t\t\t\t\t<img loading=\"lazy\" decoding=\"async\" width=\"900\" height=\"600\" src=\"https:\/\/www.ferenczifemipar.hu\/wp-content\/uploads\/2026\/01\/csolezer-lead-1.jpg\" class=\"wd-gallery-image image-2\" alt=\"\" srcset=\"https:\/\/www.ferenczifemipar.hu\/wp-content\/uploads\/2026\/01\/csolezer-lead-1.jpg 900w, https:\/\/www.ferenczifemipar.hu\/wp-content\/uploads\/2026\/01\/csolezer-lead-1-300x200.jpg 300w, https:\/\/www.ferenczifemipar.hu\/wp-content\/uploads\/2026\/01\/csolezer-lead-1-768x512.jpg 768w, https:\/\/www.ferenczifemipar.hu\/wp-content\/uploads\/2026\/01\/csolezer-lead-1-500x333.jpg 500w, https:\/\/www.ferenczifemipar.hu\/wp-content\/uploads\/2026\/01\/csolezer-lead-1-600x400.jpg 600w, https:\/\/www.ferenczifemipar.hu\/wp-content\/uploads\/2026\/01\/csolezer-lead-1-150x100.jpg 150w\" sizes=\"auto, (max-width: 900px) 100vw, 900px\" \/>\n\t\t\t\t\t\t\t\t\t\t\t\t\t\t\t<\/a>\n\t\t\t\t\t\t\t\t\t\t\t\t<\/div>\n\t\t\t\t\t\t\t\t\t\n\t\t\t\t\t\t\t<\/div>\n\n\t\t\t\t\t<\/div>\n\t\t[\/vc_column][\/vc_row][vc_row css=&#8221;.vc_custom_1746620840415{margin-top: 40px !important;}&#8221; woodmart_css_id=&#8221;681b51a4b07fc&#8221; responsive_spacing=&#8221;eyJwYXJhbV90eXBlIjoid29vZG1hcnRfcmVzcG9uc2l2ZV9zcGFjaW5nIiwic2VsZWN0b3JfaWQiOiI2ODFiNTFhNGIwN2ZjIiwic2hvcnRjb2RlIjoidmNfcm93IiwiZGF0YSI6eyJ0YWJsZXQiOnt9LCJtb2JpbGUiOnt9fX0=&#8221; mobile_bg_img_hidden=&#8221;no&#8221; tablet_bg_img_hidden=&#8221;no&#8221; woodmart_parallax=&#8221;0&#8243; woodmart_gradient_switch=&#8221;no&#8221; woodmart_box_shadow=&#8221;no&#8221; wd_z_index=&#8221;no&#8221; woodmart_disable_overflow=&#8221;0&#8243; row_reverse_mobile=&#8221;0&#8243; row_reverse_tablet=&#8221;0&#8243; el_class=&#8221;expert&#8221;][vc_column]<style data-type=\"vc_shortcodes-custom-css\">.vc_custom_1748950906677{margin-top: 40px !important;}.vc_custom_1743755165892{border-radius: 5px !important;}.vc_custom_1743755542154{padding-top: 30px !important;padding-right: 30px !important;padding-bottom: 30px !important;padding-left: 30px !important;border-radius: 5px !important;}.wd-rs-67ef990fbe2b6 > .vc_column-inner{box-shadow: 0px 0px 20px 0px rgba(0,0,0,0.09);}#wd-690df3ad82398 .woodmart-title-container{font-size:30px;line-height:24px;color:#115fa4;}#wd-690df3ad82398 .title-subtitle{line-height:26px;font-size:16px;color:#ffffff;background-color:#115fa4;}@media (max-width: 1199px) {#wd-690df3ad82398 .woodmart-title-container{line-height:37px;font-size:27px;}}@media (max-width: 767px) {#wd-690df3ad82398 .woodmart-title-container{line-height:35px;font-size:25px;}}<\/style><div class=\"wpb-content-wrapper\">[vc_row css=\".vc_custom_1748950906677{margin-top: 40px !important;}\" woodmart_css_id=\"683edf74b4811\" responsive_spacing=\"eyJwYXJhbV90eXBlIjoid29vZG1hcnRfcmVzcG9uc2l2ZV9zcGFjaW5nIiwic2VsZWN0b3JfaWQiOiI2ODNlZGY3NGI0ODExIiwic2hvcnRjb2RlIjoidmNfcm93IiwiZGF0YSI6eyJ0YWJsZXQiOnt9LCJtb2JpbGUiOnt9fX0=\" mobile_bg_img_hidden=\"no\" tablet_bg_img_hidden=\"no\" woodmart_parallax=\"0\" woodmart_gradient_switch=\"no\" woodmart_box_shadow=\"no\" wd_z_index=\"no\" woodmart_disable_overflow=\"0\" row_reverse_mobile=\"0\" row_reverse_tablet=\"0\" el_class=\"munkatarsaink\"][vc_column width=\"1\/6\" css=\".vc_custom_1743755165892{border-radius: 5px !important;}\" woodmart_css_id=\"67ef979a04ef2\" parallax_scroll=\"no\" woodmart_sticky_column=\"false\" wd_collapsible_content_switcher=\"no\" wd_column_role_offcanvas_desktop=\"no\" wd_column_role_offcanvas_tablet=\"no\" wd_column_role_offcanvas_mobile=\"no\" wd_column_role_content_desktop=\"no\" wd_column_role_content_tablet=\"no\" wd_column_role_content_mobile=\"no\" mobile_bg_img_hidden=\"no\" tablet_bg_img_hidden=\"no\" woodmart_parallax=\"0\" woodmart_box_shadow=\"no\" responsive_spacing=\"eyJwYXJhbV90eXBlIjoid29vZG1hcnRfcmVzcG9uc2l2ZV9zcGFjaW5nIiwic2VsZWN0b3JfaWQiOiI2N2VmOTc5YTA0ZWYyIiwic2hvcnRjb2RlIjoidmNfY29sdW1uIiwiZGF0YSI6eyJ0YWJsZXQiOnt9LCJtb2JpbGUiOnt9fX0=\" mobile_reset_margin=\"no\" tablet_reset_margin=\"no\" wd_z_index=\"no\"][\/vc_column][vc_column width=\"2\/3\" css=\".vc_custom_1743755542154{padding-top: 30px !important;padding-right: 30px !important;padding-bottom: 30px !important;padding-left: 30px !important;border-radius: 5px !important;}\" woodmart_css_id=\"67ef990fbe2b6\" parallax_scroll=\"no\" woodmart_sticky_column=\"false\" wd_collapsible_content_switcher=\"no\" wd_column_role_offcanvas_desktop=\"no\" wd_column_role_offcanvas_tablet=\"no\" wd_column_role_offcanvas_mobile=\"no\" wd_column_role_content_desktop=\"no\" wd_column_role_content_tablet=\"no\" wd_column_role_content_mobile=\"no\" mobile_bg_img_hidden=\"no\" tablet_bg_img_hidden=\"no\" woodmart_parallax=\"0\" woodmart_box_shadow=\"yes\" wd_box_shadow=\"eyJkZXZpY2VzIjp7ImRlc2t0b3AiOnsiaG9yaXpvbnRhbCI6IjAiLCJ2ZXJ0aWNhbCI6IjAiLCJibHVyIjoiMjAiLCJzcHJlYWQiOiIwIiwiY29sb3IiOiJyZ2JhKDAsMCwwLDAuMDkpIn19fQ==\" responsive_spacing=\"eyJwYXJhbV90eXBlIjoid29vZG1hcnRfcmVzcG9uc2l2ZV9zcGFjaW5nIiwic2VsZWN0b3JfaWQiOiI2N2VmOTkwZmJlMmI2Iiwic2hvcnRjb2RlIjoidmNfY29sdW1uIiwiZGF0YSI6eyJ0YWJsZXQiOnt9LCJtb2JpbGUiOnt9fX0=\" mobile_reset_margin=\"no\" tablet_reset_margin=\"no\" wd_z_index=\"no\"]\n\t\t<div id=\"wd-690df3ad82398\" class=\"title-wrapper wd-wpb wd-set-mb reset-last-child  wd-rs-690df3ad82398 wd-title-color-primary wd-title-style-simple text-left  wd-underline-colored\">\n\t\t\t\n\t\t\t<div class=\"liner-continer\">\n\t\t\t\t<h3 class=\"woodmart-title-container title  wd-font-weight-900 wd-fontsize-l\" >Experts in the field<\/h3>\n\t\t\t\t\t\t\t<\/div>\n\t\t\t\n\t\t\t\n\t\t\t\n\t\t<\/div>\n\t\t\n\t\t[vc_row_inner content_placement=\"top\" woodmart_css_id=\"683ee0b605e7c\" responsive_spacing=\"eyJwYXJhbV90eXBlIjoid29vZG1hcnRfcmVzcG9uc2l2ZV9zcGFjaW5nIiwic2VsZWN0b3JfaWQiOiI2ODNlZTBiNjA1ZTdjIiwic2hvcnRjb2RlIjoidmNfcm93X2lubmVyIiwiZGF0YSI6eyJ0YWJsZXQiOnt9LCJtb2JpbGUiOnt9fX0=\" mobile_bg_img_hidden=\"no\" tablet_bg_img_hidden=\"no\" woodmart_parallax=\"0\" woodmart_gradient_switch=\"no\" woodmart_box_shadow=\"no\" wd_z_index=\"no\" woodmart_disable_overflow=\"0\" row_reverse_mobile=\"0\" row_reverse_tablet=\"0\"][vc_column_inner width=\"1\/2\" woodmart_css_id=\"67ef99cc26fee\" parallax_scroll=\"no\" woodmart_sticky_column=\"false\" wd_collapsible_content_switcher=\"no\" wd_column_role_offcanvas_desktop=\"no\" wd_column_role_offcanvas_tablet=\"no\" wd_column_role_offcanvas_mobile=\"no\" wd_column_role_content_desktop=\"no\" wd_column_role_content_tablet=\"no\" wd_column_role_content_mobile=\"no\" mobile_bg_img_hidden=\"no\" tablet_bg_img_hidden=\"no\" woodmart_parallax=\"0\" woodmart_box_shadow=\"no\" responsive_spacing=\"eyJwYXJhbV90eXBlIjoid29vZG1hcnRfcmVzcG9uc2l2ZV9zcGFjaW5nIiwic2VsZWN0b3JfaWQiOiI2N2VmOTljYzI2ZmVlIiwic2hvcnRjb2RlIjoidmNfY29sdW1uX2lubmVyIiwiZGF0YSI6eyJ0YWJsZXQiOnt9LCJtb2JpbGUiOnt9fX0=\" wd_z_index=\"no\"]\t\t<div class=\"team-member wd-wpb wd-rs-690df3b192cd2 member-layout-default text-center \">\n\t\t\t\t\t\t\t<div class=\"member-image-wrapper\">\n\t\t\t\t\t<div class=\"member-image\">\n\t\t\t\t\t\t<img loading=\"lazy\" decoding=\"async\" width=\"200\" height=\"200\" src=\"https:\/\/www.ferenczifemipar.hu\/wp-content\/uploads\/2025\/07\/hujber-tamas-ferenczi-femipar-200x200.png\" class=\"team-member-avatar-image\" alt=\"\" srcset=\"https:\/\/www.ferenczifemipar.hu\/wp-content\/uploads\/2025\/07\/hujber-tamas-ferenczi-femipar-200x200.png 200w, https:\/\/www.ferenczifemipar.hu\/wp-content\/uploads\/2025\/07\/hujber-tamas-ferenczi-femipar-300x300.png 300w, https:\/\/www.ferenczifemipar.hu\/wp-content\/uploads\/2025\/07\/hujber-tamas-ferenczi-femipar-150x150.png 150w, https:\/\/www.ferenczifemipar.hu\/wp-content\/uploads\/2025\/07\/hujber-tamas-ferenczi-femipar.png 400w\" sizes=\"auto, (max-width: 200px) 100vw, 200px\" \/>\t\t\t\t\t<\/div>\n\t\t\t\t<\/div>\n\t\t\t\n\t\t\t<div class=\"member-details wd-set-mb reset-last-child\">\n\t\t\t\t\t\t\t\t\t<h4 class=\"member-name\">\n\t\t\t\t\t\tTam\u00e1s Hujber\t\t\t\t\t<\/h4>\n\t\t\t\t\n\t\t\t\t\t\t\t\t\t<div class=\"member-position\">\n\t\t\t\t\t\tProduction Manager \u2013 Technology\t\t\t\t\t<\/div>\n\t\t\t\t\n\t\t\t\t\t\t\t\t\t<div class=\"member-bio\">\n\t\t\t\t\t\t<a href=\"tel:+36203604422\">+36 20 3604 422<\/a>\r\n<a href=\"mailto:cncuzem@ferenczifemipar.hu\">cncuzem@ferenczifemipar.hu<\/a>\t\t\t\t\t<\/div>\n\t\t\t\t\n\t\t\t\t\t\t\t<\/div>\n\t\t<\/div>\n\n\t\t[\/vc_column_inner][vc_column_inner width=\"1\/2\"]\t\t<div class=\"team-member wd-wpb wd-rs-690df3c14eaf2 member-layout-default text-center \">\n\t\t\t\t\t\t\t<div class=\"member-image-wrapper\">\n\t\t\t\t\t<div class=\"member-image\">\n\t\t\t\t\t\t<img loading=\"lazy\" decoding=\"async\" width=\"200\" height=\"200\" src=\"https:\/\/www.ferenczifemipar.hu\/wp-content\/uploads\/2025\/07\/tatai-richard-ferenczi-femipar-200x200.png\" class=\"team-member-avatar-image\" alt=\"\" srcset=\"https:\/\/www.ferenczifemipar.hu\/wp-content\/uploads\/2025\/07\/tatai-richard-ferenczi-femipar-200x200.png 200w, https:\/\/www.ferenczifemipar.hu\/wp-content\/uploads\/2025\/07\/tatai-richard-ferenczi-femipar-300x300.png 300w, https:\/\/www.ferenczifemipar.hu\/wp-content\/uploads\/2025\/07\/tatai-richard-ferenczi-femipar-150x150.png 150w, https:\/\/www.ferenczifemipar.hu\/wp-content\/uploads\/2025\/07\/tatai-richard-ferenczi-femipar.png 400w\" sizes=\"auto, (max-width: 200px) 100vw, 200px\" \/>\t\t\t\t\t<\/div>\n\t\t\t\t<\/div>\n\t\t\t\n\t\t\t<div class=\"member-details wd-set-mb reset-last-child\">\n\t\t\t\t\t\t\t\t\t<h4 class=\"member-name\">\n\t\t\t\t\t\tRich\u00e1rd Tatai\t\t\t\t\t<\/h4>\n\t\t\t\t\n\t\t\t\t\t\t\t\t\t<div class=\"member-position\">\n\t\t\t\t\t\tCNC Production Engineer \u2013 Quotations &amp; Orders \t\t\t\t\t<\/div>\n\t\t\t\t\n\t\t\t\t\t\t\t\t\t<div class=\"member-bio\">\n\t\t\t\t\t\t<a href=\"tel:+36202780577\">\u00a0+36 20 2780 577<\/a>\r\n<a href=\"mailto:cncuzem@ferenczifemipar.hu\">cncuzem@ferenczifemipar.hu<\/a>\t\t\t\t\t<\/div>\n\t\t\t\t\n\t\t\t\t\t\t\t<\/div>\n\t\t<\/div>\n\n\t\t[\/vc_column_inner][\/vc_row_inner][\/vc_column][vc_column width=\"1\/6\"][\/vc_column][\/vc_row]<\/div>[\/vc_column][\/vc_row]<\/p>\n<\/div>","protected":false},"excerpt":{"rendered":"<p>[vc_row gap=&#8221;15&#8243; equal_height=&#8221;yes&#8221; woodmart_css_id=&#8221;6980a04a3633b&#8221; responsive_spacing=&#8221;eyJwYXJhbV90eXBlIjoid29vZG1hcnRfcmVzcG9uc2l2ZV9zcGFjaW5nIiwic2VsZWN0b3JfaWQiOiI2OTgwYTA0YTM2MzNiIiwic2hvcnRjb2RlIjoidmNfcm93IiwiZGF0YSI6eyJ0YWJsZXQiOnt9LCJtb2JpbGUiOnt9fX0=&#8221; mobile_bg_img_hidden=&#8221;no&#8221; tablet_bg_img_hidden=&#8221;no&#8221; woodmart_parallax=&#8221;0&#8243; woodmart_gradient_switch=&#8221;no&#8221; woodmart_box_shadow=&#8221;no&#8221; wd_z_index=&#8221;no&#8221; woodmart_disable_overflow=&#8221;0&#8243; row_reverse_mobile=&#8221;0&#8243; row_reverse_tablet=&#8221;0&#8243;][vc_column width=&#8221;1\/2&#8243; woodmart_sticky_column_offset=&#8221;150&#8243; woodmart_css_id=&#8221;681b58d447552&#8243; parallax_scroll=&#8221;no&#8221; woodmart_sticky_column=&#8221;true&#8221; wd_collapsible_content_switcher=&#8221;no&#8221;<\/p>\n","protected":false},"author":1,"featured_media":0,"parent":1791,"menu_order":0,"comment_status":"closed","ping_status":"closed","template":"","meta":{"footnotes":""},"class_list":["post-2165","page","type-page","status-publish","hentry"],"_links":{"self":[{"href":"https:\/\/www.ferenczifemipar.hu\/en\/wp-json\/wp\/v2\/pages\/2165","targetHints":{"allow":["GET"]}}],"collection":[{"href":"https:\/\/www.ferenczifemipar.hu\/en\/wp-json\/wp\/v2\/pages"}],"about":[{"href":"https:\/\/www.ferenczifemipar.hu\/en\/wp-json\/wp\/v2\/types\/page"}],"author":[{"embeddable":true,"href":"https:\/\/www.ferenczifemipar.hu\/en\/wp-json\/wp\/v2\/users\/1"}],"replies":[{"embeddable":true,"href":"https:\/\/www.ferenczifemipar.hu\/en\/wp-json\/wp\/v2\/comments?post=2165"}],"version-history":[{"count":5,"href":"https:\/\/www.ferenczifemipar.hu\/en\/wp-json\/wp\/v2\/pages\/2165\/revisions"}],"predecessor-version":[{"id":2170,"href":"https:\/\/www.ferenczifemipar.hu\/en\/wp-json\/wp\/v2\/pages\/2165\/revisions\/2170"}],"up":[{"embeddable":true,"href":"https:\/\/www.ferenczifemipar.hu\/en\/wp-json\/wp\/v2\/pages\/1791"}],"wp:attachment":[{"href":"https:\/\/www.ferenczifemipar.hu\/en\/wp-json\/wp\/v2\/media?parent=2165"}],"curies":[{"name":"wp","href":"https:\/\/api.w.org\/{rel}","templated":true}]}}